{"id":37229,"date":"2021-09-28T16:09:43","date_gmt":"2021-09-28T20:09:43","guid":{"rendered":"http:\/\/cleanairenc.org\/unete-a-nuestro-equipo\/"},"modified":"2025-01-30T15:46:42","modified_gmt":"2025-01-30T20:46:42","slug":"unete-a-nuestro-equipo","status":"publish","type":"page","link":"https:\/\/cleanairenc.org\/es\/quienes-somos\/unete-a-nuestro-equipo\/","title":{"rendered":"\u00danete a nuestro equipo"},"content":{"rendered":"","protected":false},"excerpt":{"rendered":"","protected":false},"author":3,"featured_media":36970,"parent":37230,"menu_order":0,"comment_status":"closed","ping_status":"closed","template":"","meta":{"_monsterinsights_skip_tracking":false,"_monsterinsights_sitenote_active":false,"_monsterinsights_sitenote_note":"","_monsterinsights_sitenote_category":0,"_uf_show_specific_survey":0,"_uf_disable_surveys":false,"footnotes":"","_links_to":"","_links_to_target":""},"class_list":["post-37229","page","type-page","status-publish","has-post-thumbnail","hentry"],"yoast_head":"<!-- This site is optimized with the Yoast SEO plugin v27.5 - https:\/\/yoast.com\/product\/yoast-seo-wordpress\/ -->\n<title>\u00danete a nuestro equipo - CleanAIRE NC<\/title>\n<meta name=\"description\" content=\"CleanAIRE NC es una empresa que ofrece igualdad de oportunidades. Ay\u00fadanos a construir una Carolina del Norte m\u00e1s sana. \u00danete a nuestro equipo: \u00a1Aplica hoy mismo!\" \/>\n<meta name=\"robots\" content=\"index, follow, max-snippet:-1, max-image-preview:large, max-video-preview:-1\" \/>\n<link rel=\"canonical\" href=\"https:\/\/cleanairenc.org\/es\/quienes-somos\/unete-a-nuestro-equipo\/\" \/>\n<meta property=\"og:locale\" content=\"es_ES\" \/>\n<meta property=\"og:type\" content=\"article\" \/>\n<meta property=\"og:title\" content=\"\u00danete a nuestro equipo - CleanAIRE NC\" \/>\n<meta property=\"og:description\" content=\"CleanAIRE NC es una empresa que ofrece igualdad de oportunidades. Ay\u00fadanos a construir una Carolina del Norte m\u00e1s sana. \u00danete a nuestro equipo: \u00a1Aplica hoy mismo!\" \/>\n<meta property=\"og:url\" content=\"https:\/\/cleanairenc.org\/es\/quienes-somos\/unete-a-nuestro-equipo\/\" \/>\n<meta property=\"og:site_name\" content=\"CleanAIRE NC\" \/>\n<meta property=\"article:publisher\" content=\"https:\/\/www.facebook.com\/cleanairenc\" \/>\n<meta property=\"article:modified_time\" content=\"2025-01-30T20:46:42+00:00\" \/>\n<meta property=\"og:image\" content=\"http:\/\/cleanairenc.org\/wp-content\/uploads\/2023\/11\/Jeff-and-Gerald-Mt-Mitchell-1024x683.jpg\" \/>\n<meta name=\"twitter:card\" content=\"summary_large_image\" \/>\n<meta name=\"twitter:image\" content=\"http:\/\/cleanairenc.org\/wp-content\/uploads\/2022\/09\/Launch-Party_StaffJPG-1024x768.jpg\" \/>\n<meta name=\"twitter:site\" content=\"@cleanAIREnc\" \/>\n<script type=\"application\/ld+json\" class=\"yoast-schema-graph\">{\"@context\":\"https:\\\/\\\/schema.org\",\"@graph\":[{\"@type\":\"WebPage\",\"@id\":\"https:\\\/\\\/cleanairenc.org\\\/es\\\/quienes-somos\\\/unete-a-nuestro-equipo\\\/\",\"url\":\"https:\\\/\\\/cleanairenc.org\\\/es\\\/quienes-somos\\\/unete-a-nuestro-equipo\\\/\",\"name\":\"\u00danete a nuestro equipo - CleanAIRE NC\",\"isPartOf\":{\"@id\":\"https:\\\/\\\/cleanairenc.org\\\/es\\\/#website\"},\"primaryImageOfPage\":{\"@id\":\"https:\\\/\\\/cleanairenc.org\\\/es\\\/quienes-somos\\\/unete-a-nuestro-equipo\\\/#primaryimage\"},\"image\":{\"@id\":\"https:\\\/\\\/cleanairenc.org\\\/es\\\/quienes-somos\\\/unete-a-nuestro-equipo\\\/#primaryimage\"},\"thumbnailUrl\":\"https:\\\/\\\/cleanairenc.org\\\/wp-content\\\/uploads\\\/2023\\\/11\\\/Jeff-and-Gerald-Mt-Mitchell.jpg\",\"datePublished\":\"2021-09-28T20:09:43+00:00\",\"dateModified\":\"2025-01-30T20:46:42+00:00\",\"description\":\"CleanAIRE NC es una empresa que ofrece igualdad de oportunidades. Ay\u00fadanos a construir una Carolina del Norte m\u00e1s sana. \u00danete a nuestro equipo: \u00a1Aplica hoy mismo!\",\"breadcrumb\":{\"@id\":\"https:\\\/\\\/cleanairenc.org\\\/es\\\/quienes-somos\\\/unete-a-nuestro-equipo\\\/#breadcrumb\"},\"inLanguage\":\"es\",\"potentialAction\":[{\"@type\":\"ReadAction\",\"target\":[\"https:\\\/\\\/cleanairenc.org\\\/es\\\/quienes-somos\\\/unete-a-nuestro-equipo\\\/\"]}]},{\"@type\":\"ImageObject\",\"inLanguage\":\"es\",\"@id\":\"https:\\\/\\\/cleanairenc.org\\\/es\\\/quienes-somos\\\/unete-a-nuestro-equipo\\\/#primaryimage\",\"url\":\"https:\\\/\\\/cleanairenc.org\\\/wp-content\\\/uploads\\\/2023\\\/11\\\/Jeff-and-Gerald-Mt-Mitchell.jpg\",\"contentUrl\":\"https:\\\/\\\/cleanairenc.org\\\/wp-content\\\/uploads\\\/2023\\\/11\\\/Jeff-and-Gerald-Mt-Mitchell.jpg\",\"width\":1488,\"height\":992},{\"@type\":\"BreadcrumbList\",\"@id\":\"https:\\\/\\\/cleanairenc.org\\\/es\\\/quienes-somos\\\/unete-a-nuestro-equipo\\\/#breadcrumb\",\"itemListElement\":[{\"@type\":\"ListItem\",\"position\":1,\"name\":\"Home\",\"item\":\"https:\\\/\\\/cleanairenc.org\\\/es\\\/\"},{\"@type\":\"ListItem\",\"position\":2,\"name\":\"Qui\u00e9nes somos\",\"item\":\"https:\\\/\\\/cleanairenc.org\\\/es\\\/quienes-somos\\\/\"},{\"@type\":\"ListItem\",\"position\":3,\"name\":\"\u00danete a nuestro equipo\"}]},{\"@type\":\"WebSite\",\"@id\":\"https:\\\/\\\/cleanairenc.org\\\/es\\\/#website\",\"url\":\"https:\\\/\\\/cleanairenc.org\\\/es\\\/\",\"name\":\"CleanAIRE NC\",\"description\":\"Protecting what connects us.\",\"publisher\":{\"@id\":\"https:\\\/\\\/cleanairenc.org\\\/es\\\/#organization\"},\"potentialAction\":[{\"@type\":\"SearchAction\",\"target\":{\"@type\":\"EntryPoint\",\"urlTemplate\":\"https:\\\/\\\/cleanairenc.org\\\/es\\\/?s={search_term_string}\"},\"query-input\":{\"@type\":\"PropertyValueSpecification\",\"valueRequired\":true,\"valueName\":\"search_term_string\"}}],\"inLanguage\":\"es\"},{\"@type\":\"Organization\",\"@id\":\"https:\\\/\\\/cleanairenc.org\\\/es\\\/#organization\",\"name\":\"CleanAIRE NC\",\"url\":\"https:\\\/\\\/cleanairenc.org\\\/es\\\/\",\"logo\":{\"@type\":\"ImageObject\",\"inLanguage\":\"es\",\"@id\":\"https:\\\/\\\/cleanairenc.org\\\/es\\\/#\\\/schema\\\/logo\\\/image\\\/\",\"url\":\"http:\\\/\\\/cleanairenc.org\\\/wp-content\\\/uploads\\\/2021\\\/07\\\/CleanAIRE_Logo_Mark-Navy.png\",\"contentUrl\":\"http:\\\/\\\/cleanairenc.org\\\/wp-content\\\/uploads\\\/2021\\\/07\\\/CleanAIRE_Logo_Mark-Navy.png\",\"width\":2057,\"height\":2551,\"caption\":\"CleanAIRE NC\"},\"image\":{\"@id\":\"https:\\\/\\\/cleanairenc.org\\\/es\\\/#\\\/schema\\\/logo\\\/image\\\/\"},\"sameAs\":[\"https:\\\/\\\/www.facebook.com\\\/cleanairenc\",\"https:\\\/\\\/x.com\\\/cleanAIREnc\"]}]}<\/script>\n<!-- \/ Yoast SEO plugin. -->","yoast_head_json":{"title":"\u00danete a nuestro equipo - CleanAIRE NC","description":"CleanAIRE NC es una empresa que ofrece igualdad de oportunidades. Ay\u00fadanos a construir una Carolina del Norte m\u00e1s sana. \u00danete a nuestro equipo: \u00a1Aplica hoy mismo!","robots":{"index":"index","follow":"follow","max-snippet":"max-snippet:-1","max-image-preview":"max-image-preview:large","max-video-preview":"max-video-preview:-1"},"canonical":"https:\/\/cleanairenc.org\/es\/quienes-somos\/unete-a-nuestro-equipo\/","og_locale":"es_ES","og_type":"article","og_title":"\u00danete a nuestro equipo - CleanAIRE NC","og_description":"CleanAIRE NC es una empresa que ofrece igualdad de oportunidades. Ay\u00fadanos a construir una Carolina del Norte m\u00e1s sana. \u00danete a nuestro equipo: \u00a1Aplica hoy mismo!","og_url":"https:\/\/cleanairenc.org\/es\/quienes-somos\/unete-a-nuestro-equipo\/","og_site_name":"CleanAIRE NC","article_publisher":"https:\/\/www.facebook.com\/cleanairenc","article_modified_time":"2025-01-30T20:46:42+00:00","og_image":[{"url":"http:\/\/cleanairenc.org\/wp-content\/uploads\/2023\/11\/Jeff-and-Gerald-Mt-Mitchell-1024x683.jpg","type":"","width":"","height":""}],"twitter_card":"summary_large_image","twitter_image":"http:\/\/cleanairenc.org\/wp-content\/uploads\/2022\/09\/Launch-Party_StaffJPG-1024x768.jpg","twitter_site":"@cleanAIREnc","schema":{"@context":"https:\/\/schema.org","@graph":[{"@type":"WebPage","@id":"https:\/\/cleanairenc.org\/es\/quienes-somos\/unete-a-nuestro-equipo\/","url":"https:\/\/cleanairenc.org\/es\/quienes-somos\/unete-a-nuestro-equipo\/","name":"\u00danete a nuestro equipo - CleanAIRE NC","isPartOf":{"@id":"https:\/\/cleanairenc.org\/es\/#website"},"primaryImageOfPage":{"@id":"https:\/\/cleanairenc.org\/es\/quienes-somos\/unete-a-nuestro-equipo\/#primaryimage"},"image":{"@id":"https:\/\/cleanairenc.org\/es\/quienes-somos\/unete-a-nuestro-equipo\/#primaryimage"},"thumbnailUrl":"https:\/\/cleanairenc.org\/wp-content\/uploads\/2023\/11\/Jeff-and-Gerald-Mt-Mitchell.jpg","datePublished":"2021-09-28T20:09:43+00:00","dateModified":"2025-01-30T20:46:42+00:00","description":"CleanAIRE NC es una empresa que ofrece igualdad de oportunidades. Ay\u00fadanos a construir una Carolina del Norte m\u00e1s sana. \u00danete a nuestro equipo: \u00a1Aplica hoy mismo!","breadcrumb":{"@id":"https:\/\/cleanairenc.org\/es\/quienes-somos\/unete-a-nuestro-equipo\/#breadcrumb"},"inLanguage":"es","potentialAction":[{"@type":"ReadAction","target":["https:\/\/cleanairenc.org\/es\/quienes-somos\/unete-a-nuestro-equipo\/"]}]},{"@type":"ImageObject","inLanguage":"es","@id":"https:\/\/cleanairenc.org\/es\/quienes-somos\/unete-a-nuestro-equipo\/#primaryimage","url":"https:\/\/cleanairenc.org\/wp-content\/uploads\/2023\/11\/Jeff-and-Gerald-Mt-Mitchell.jpg","contentUrl":"https:\/\/cleanairenc.org\/wp-content\/uploads\/2023\/11\/Jeff-and-Gerald-Mt-Mitchell.jpg","width":1488,"height":992},{"@type":"BreadcrumbList","@id":"https:\/\/cleanairenc.org\/es\/quienes-somos\/unete-a-nuestro-equipo\/#breadcrumb","itemListElement":[{"@type":"ListItem","position":1,"name":"Home","item":"https:\/\/cleanairenc.org\/es\/"},{"@type":"ListItem","position":2,"name":"Qui\u00e9nes somos","item":"https:\/\/cleanairenc.org\/es\/quienes-somos\/"},{"@type":"ListItem","position":3,"name":"\u00danete a nuestro equipo"}]},{"@type":"WebSite","@id":"https:\/\/cleanairenc.org\/es\/#website","url":"https:\/\/cleanairenc.org\/es\/","name":"CleanAIRE NC","description":"Protecting what connects us.","publisher":{"@id":"https:\/\/cleanairenc.org\/es\/#organization"},"potentialAction":[{"@type":"SearchAction","target":{"@type":"EntryPoint","urlTemplate":"https:\/\/cleanairenc.org\/es\/?s={search_term_string}"},"query-input":{"@type":"PropertyValueSpecification","valueRequired":true,"valueName":"search_term_string"}}],"inLanguage":"es"},{"@type":"Organization","@id":"https:\/\/cleanairenc.org\/es\/#organization","name":"CleanAIRE NC","url":"https:\/\/cleanairenc.org\/es\/","logo":{"@type":"ImageObject","inLanguage":"es","@id":"https:\/\/cleanairenc.org\/es\/#\/schema\/logo\/image\/","url":"http:\/\/cleanairenc.org\/wp-content\/uploads\/2021\/07\/CleanAIRE_Logo_Mark-Navy.png","contentUrl":"http:\/\/cleanairenc.org\/wp-content\/uploads\/2021\/07\/CleanAIRE_Logo_Mark-Navy.png","width":2057,"height":2551,"caption":"CleanAIRE NC"},"image":{"@id":"https:\/\/cleanairenc.org\/es\/#\/schema\/logo\/image\/"},"sameAs":["https:\/\/www.facebook.com\/cleanairenc","https:\/\/x.com\/cleanAIREnc"]}]}},"_links":{"self":[{"href":"https:\/\/cleanairenc.org\/es\/wp-json\/wp\/v2\/pages\/37229","targetHints":{"allow":["GET"]}}],"collection":[{"href":"https:\/\/cleanairenc.org\/es\/wp-json\/wp\/v2\/pages"}],"about":[{"href":"https:\/\/cleanairenc.org\/es\/wp-json\/wp\/v2\/types\/page"}],"author":[{"embeddable":true,"href":"https:\/\/cleanairenc.org\/es\/wp-json\/wp\/v2\/users\/3"}],"replies":[{"embeddable":true,"href":"https:\/\/cleanairenc.org\/es\/wp-json\/wp\/v2\/comments?post=37229"}],"version-history":[{"count":1,"href":"https:\/\/cleanairenc.org\/es\/wp-json\/wp\/v2\/pages\/37229\/revisions"}],"predecessor-version":[{"id":37231,"href":"https:\/\/cleanairenc.org\/es\/wp-json\/wp\/v2\/pages\/37229\/revisions\/37231"}],"up":[{"embeddable":true,"href":"https:\/\/cleanairenc.org\/es\/wp-json\/wp\/v2\/pages\/37230"}],"wp:featuredmedia":[{"embeddable":true,"href":"https:\/\/cleanairenc.org\/es\/wp-json\/wp\/v2\/media\/36970"}],"wp:attachment":[{"href":"https:\/\/cleanairenc.org\/es\/wp-json\/wp\/v2\/media?parent=37229"}],"curies":[{"name":"wp","href":"https:\/\/api.w.org\/{rel}","templated":true}]}}