{"id":37242,"date":"2021-04-01T23:15:32","date_gmt":"2021-04-02T03:15:32","guid":{"rendered":"http:\/\/cleanairenc.org\/que-hacemos\/contaminacion-del-aire\/"},"modified":"2025-01-08T10:51:08","modified_gmt":"2025-01-08T15:51:08","slug":"contaminacion-del-aire","status":"publish","type":"page","link":"https:\/\/cleanairenc.org\/es\/que-hacemos\/contaminacion-del-aire\/","title":{"rendered":"Contaminaci\u00f3n del Aire"},"content":{"rendered":"","protected":false},"excerpt":{"rendered":"","protected":false},"author":4,"featured_media":0,"parent":37240,"menu_order":0,"comment_status":"closed","ping_status":"closed","template":"","meta":{"_monsterinsights_skip_tracking":false,"_monsterinsights_sitenote_active":false,"_monsterinsights_sitenote_note":"","_monsterinsights_sitenote_category":0,"_uf_show_specific_survey":0,"_uf_disable_surveys":false,"footnotes":"","_links_to":"","_links_to_target":""},"class_list":["post-37242","page","type-page","status-publish","hentry"],"yoast_head":"<!-- This site is optimized with the Yoast SEO plugin v27.5 - https:\/\/yoast.com\/product\/yoast-seo-wordpress\/ -->\n<title>Contaminaci\u00f3n del Aire - CleanAIRE NC<\/title>\n<meta name=\"description\" content=\"La mayor parte de la contaminaci\u00f3n del aire en Carolina del Norte es invisible, pero respirar aire contaminado puede poner en grave peligro la salud p\u00fablica. Obtenga m\u00e1s informaci\u00f3n.\" \/>\n<meta name=\"robots\" content=\"index, follow, max-snippet:-1, max-image-preview:large, max-video-preview:-1\" \/>\n<link rel=\"canonical\" href=\"https:\/\/cleanairenc.org\/es\/que-hacemos\/contaminacion-del-aire\/\" \/>\n<meta property=\"og:locale\" content=\"es_ES\" \/>\n<meta property=\"og:type\" content=\"article\" \/>\n<meta property=\"og:title\" content=\"Contaminaci\u00f3n del Aire - CleanAIRE NC\" \/>\n<meta property=\"og:description\" content=\"La mayor parte de la contaminaci\u00f3n del aire en Carolina del Norte es invisible, pero respirar aire contaminado puede poner en grave peligro la salud p\u00fablica. Obtenga m\u00e1s informaci\u00f3n.\" \/>\n<meta property=\"og:url\" content=\"https:\/\/cleanairenc.org\/es\/que-hacemos\/contaminacion-del-aire\/\" \/>\n<meta property=\"og:site_name\" content=\"CleanAIRE NC\" \/>\n<meta property=\"article:publisher\" content=\"https:\/\/www.facebook.com\/cleanairenc\" \/>\n<meta property=\"article:modified_time\" content=\"2025-01-08T15:51:08+00:00\" \/>\n<meta name=\"twitter:card\" content=\"summary_large_image\" \/>\n<meta name=\"twitter:site\" content=\"@cleanAIREnc\" \/>\n<script type=\"application\/ld+json\" class=\"yoast-schema-graph\">{\"@context\":\"https:\\\/\\\/schema.org\",\"@graph\":[{\"@type\":\"WebPage\",\"@id\":\"https:\\\/\\\/cleanairenc.org\\\/es\\\/que-hacemos\\\/contaminacion-del-aire\\\/\",\"url\":\"https:\\\/\\\/cleanairenc.org\\\/es\\\/que-hacemos\\\/contaminacion-del-aire\\\/\",\"name\":\"Contaminaci\u00f3n del Aire - CleanAIRE NC\",\"isPartOf\":{\"@id\":\"https:\\\/\\\/cleanairenc.org\\\/es\\\/#website\"},\"datePublished\":\"2021-04-02T03:15:32+00:00\",\"dateModified\":\"2025-01-08T15:51:08+00:00\",\"description\":\"La mayor parte de la contaminaci\u00f3n del aire en Carolina del Norte es invisible, pero respirar aire contaminado puede poner en grave peligro la salud p\u00fablica. Obtenga m\u00e1s informaci\u00f3n.\",\"breadcrumb\":{\"@id\":\"https:\\\/\\\/cleanairenc.org\\\/es\\\/que-hacemos\\\/contaminacion-del-aire\\\/#breadcrumb\"},\"inLanguage\":\"es\",\"potentialAction\":[{\"@type\":\"ReadAction\",\"target\":[\"https:\\\/\\\/cleanairenc.org\\\/es\\\/que-hacemos\\\/contaminacion-del-aire\\\/\"]}]},{\"@type\":\"BreadcrumbList\",\"@id\":\"https:\\\/\\\/cleanairenc.org\\\/es\\\/que-hacemos\\\/contaminacion-del-aire\\\/#breadcrumb\",\"itemListElement\":[{\"@type\":\"ListItem\",\"position\":1,\"name\":\"Home\",\"item\":\"https:\\\/\\\/cleanairenc.org\\\/es\\\/\"},{\"@type\":\"ListItem\",\"position\":2,\"name\":\"Qu\u00e9 hacemos\",\"item\":\"https:\\\/\\\/cleanairenc.org\\\/es\\\/que-hacemos\\\/\"},{\"@type\":\"ListItem\",\"position\":3,\"name\":\"Contaminaci\u00f3n del Aire\"}]},{\"@type\":\"WebSite\",\"@id\":\"https:\\\/\\\/cleanairenc.org\\\/es\\\/#website\",\"url\":\"https:\\\/\\\/cleanairenc.org\\\/es\\\/\",\"name\":\"CleanAIRE NC\",\"description\":\"Protecting what connects us.\",\"publisher\":{\"@id\":\"https:\\\/\\\/cleanairenc.org\\\/es\\\/#organization\"},\"potentialAction\":[{\"@type\":\"SearchAction\",\"target\":{\"@type\":\"EntryPoint\",\"urlTemplate\":\"https:\\\/\\\/cleanairenc.org\\\/es\\\/?s={search_term_string}\"},\"query-input\":{\"@type\":\"PropertyValueSpecification\",\"valueRequired\":true,\"valueName\":\"search_term_string\"}}],\"inLanguage\":\"es\"},{\"@type\":\"Organization\",\"@id\":\"https:\\\/\\\/cleanairenc.org\\\/es\\\/#organization\",\"name\":\"CleanAIRE NC\",\"url\":\"https:\\\/\\\/cleanairenc.org\\\/es\\\/\",\"logo\":{\"@type\":\"ImageObject\",\"inLanguage\":\"es\",\"@id\":\"https:\\\/\\\/cleanairenc.org\\\/es\\\/#\\\/schema\\\/logo\\\/image\\\/\",\"url\":\"http:\\\/\\\/cleanairenc.org\\\/wp-content\\\/uploads\\\/2021\\\/07\\\/CleanAIRE_Logo_Mark-Navy.png\",\"contentUrl\":\"http:\\\/\\\/cleanairenc.org\\\/wp-content\\\/uploads\\\/2021\\\/07\\\/CleanAIRE_Logo_Mark-Navy.png\",\"width\":2057,\"height\":2551,\"caption\":\"CleanAIRE NC\"},\"image\":{\"@id\":\"https:\\\/\\\/cleanairenc.org\\\/es\\\/#\\\/schema\\\/logo\\\/image\\\/\"},\"sameAs\":[\"https:\\\/\\\/www.facebook.com\\\/cleanairenc\",\"https:\\\/\\\/x.com\\\/cleanAIREnc\"]}]}<\/script>\n<!-- \/ Yoast SEO plugin. -->","yoast_head_json":{"title":"Contaminaci\u00f3n del Aire - CleanAIRE NC","description":"La mayor parte de la contaminaci\u00f3n del aire en Carolina del Norte es invisible, pero respirar aire contaminado puede poner en grave peligro la salud p\u00fablica. Obtenga m\u00e1s informaci\u00f3n.","robots":{"index":"index","follow":"follow","max-snippet":"max-snippet:-1","max-image-preview":"max-image-preview:large","max-video-preview":"max-video-preview:-1"},"canonical":"https:\/\/cleanairenc.org\/es\/que-hacemos\/contaminacion-del-aire\/","og_locale":"es_ES","og_type":"article","og_title":"Contaminaci\u00f3n del Aire - CleanAIRE NC","og_description":"La mayor parte de la contaminaci\u00f3n del aire en Carolina del Norte es invisible, pero respirar aire contaminado puede poner en grave peligro la salud p\u00fablica. Obtenga m\u00e1s informaci\u00f3n.","og_url":"https:\/\/cleanairenc.org\/es\/que-hacemos\/contaminacion-del-aire\/","og_site_name":"CleanAIRE NC","article_publisher":"https:\/\/www.facebook.com\/cleanairenc","article_modified_time":"2025-01-08T15:51:08+00:00","twitter_card":"summary_large_image","twitter_site":"@cleanAIREnc","schema":{"@context":"https:\/\/schema.org","@graph":[{"@type":"WebPage","@id":"https:\/\/cleanairenc.org\/es\/que-hacemos\/contaminacion-del-aire\/","url":"https:\/\/cleanairenc.org\/es\/que-hacemos\/contaminacion-del-aire\/","name":"Contaminaci\u00f3n del Aire - CleanAIRE NC","isPartOf":{"@id":"https:\/\/cleanairenc.org\/es\/#website"},"datePublished":"2021-04-02T03:15:32+00:00","dateModified":"2025-01-08T15:51:08+00:00","description":"La mayor parte de la contaminaci\u00f3n del aire en Carolina del Norte es invisible, pero respirar aire contaminado puede poner en grave peligro la salud p\u00fablica. Obtenga m\u00e1s informaci\u00f3n.","breadcrumb":{"@id":"https:\/\/cleanairenc.org\/es\/que-hacemos\/contaminacion-del-aire\/#breadcrumb"},"inLanguage":"es","potentialAction":[{"@type":"ReadAction","target":["https:\/\/cleanairenc.org\/es\/que-hacemos\/contaminacion-del-aire\/"]}]},{"@type":"BreadcrumbList","@id":"https:\/\/cleanairenc.org\/es\/que-hacemos\/contaminacion-del-aire\/#breadcrumb","itemListElement":[{"@type":"ListItem","position":1,"name":"Home","item":"https:\/\/cleanairenc.org\/es\/"},{"@type":"ListItem","position":2,"name":"Qu\u00e9 hacemos","item":"https:\/\/cleanairenc.org\/es\/que-hacemos\/"},{"@type":"ListItem","position":3,"name":"Contaminaci\u00f3n del Aire"}]},{"@type":"WebSite","@id":"https:\/\/cleanairenc.org\/es\/#website","url":"https:\/\/cleanairenc.org\/es\/","name":"CleanAIRE NC","description":"Protecting what connects us.","publisher":{"@id":"https:\/\/cleanairenc.org\/es\/#organization"},"potentialAction":[{"@type":"SearchAction","target":{"@type":"EntryPoint","urlTemplate":"https:\/\/cleanairenc.org\/es\/?s={search_term_string}"},"query-input":{"@type":"PropertyValueSpecification","valueRequired":true,"valueName":"search_term_string"}}],"inLanguage":"es"},{"@type":"Organization","@id":"https:\/\/cleanairenc.org\/es\/#organization","name":"CleanAIRE NC","url":"https:\/\/cleanairenc.org\/es\/","logo":{"@type":"ImageObject","inLanguage":"es","@id":"https:\/\/cleanairenc.org\/es\/#\/schema\/logo\/image\/","url":"http:\/\/cleanairenc.org\/wp-content\/uploads\/2021\/07\/CleanAIRE_Logo_Mark-Navy.png","contentUrl":"http:\/\/cleanairenc.org\/wp-content\/uploads\/2021\/07\/CleanAIRE_Logo_Mark-Navy.png","width":2057,"height":2551,"caption":"CleanAIRE NC"},"image":{"@id":"https:\/\/cleanairenc.org\/es\/#\/schema\/logo\/image\/"},"sameAs":["https:\/\/www.facebook.com\/cleanairenc","https:\/\/x.com\/cleanAIREnc"]}]}},"_links":{"self":[{"href":"https:\/\/cleanairenc.org\/es\/wp-json\/wp\/v2\/pages\/37242","targetHints":{"allow":["GET"]}}],"collection":[{"href":"https:\/\/cleanairenc.org\/es\/wp-json\/wp\/v2\/pages"}],"about":[{"href":"https:\/\/cleanairenc.org\/es\/wp-json\/wp\/v2\/types\/page"}],"author":[{"embeddable":true,"href":"https:\/\/cleanairenc.org\/es\/wp-json\/wp\/v2\/users\/4"}],"replies":[{"embeddable":true,"href":"https:\/\/cleanairenc.org\/es\/wp-json\/wp\/v2\/comments?post=37242"}],"version-history":[{"count":1,"href":"https:\/\/cleanairenc.org\/es\/wp-json\/wp\/v2\/pages\/37242\/revisions"}],"predecessor-version":[{"id":37243,"href":"https:\/\/cleanairenc.org\/es\/wp-json\/wp\/v2\/pages\/37242\/revisions\/37243"}],"up":[{"embeddable":true,"href":"https:\/\/cleanairenc.org\/es\/wp-json\/wp\/v2\/pages\/37240"}],"wp:attachment":[{"href":"https:\/\/cleanairenc.org\/es\/wp-json\/wp\/v2\/media?parent=37242"}],"curies":[{"name":"wp","href":"https:\/\/api.w.org\/{rel}","templated":true}]}}