{"id":37249,"date":"2021-04-01T15:52:41","date_gmt":"2021-04-01T19:52:41","guid":{"rendered":"http:\/\/cleanairenc.org\/ciencia-comunitaria\/"},"modified":"2025-09-17T10:02:04","modified_gmt":"2025-09-17T14:02:04","slug":"ciencia-comunitaria","status":"publish","type":"page","link":"https:\/\/cleanairenc.org\/es\/how-we-do-it\/ciencia-comunitaria\/","title":{"rendered":"Ciencia Comunitaria"},"content":{"rendered":"","protected":false},"excerpt":{"rendered":"","protected":false},"author":4,"featured_media":36179,"parent":37259,"menu_order":0,"comment_status":"closed","ping_status":"closed","template":"","meta":{"_monsterinsights_skip_tracking":false,"_monsterinsights_sitenote_active":false,"_monsterinsights_sitenote_note":"","_monsterinsights_sitenote_category":0,"_uf_show_specific_survey":0,"_uf_disable_surveys":false,"footnotes":"","_links_to":"","_links_to_target":""},"class_list":["post-37249","page","type-page","status-publish","has-post-thumbnail","hentry"],"yoast_head":"<!-- This site is optimized with the Yoast SEO plugin v27.5 - https:\/\/yoast.com\/product\/yoast-seo-wordpress\/ -->\n<title>Ciencia Comunitaria - CleanAIRE NC<\/title>\n<meta name=\"description\" content=\"Nuestro programa cient\u00edfico comunitario involucra a voluntarios de Carolina del Norte en la lucha por el aire limpio midiendo la contaminaci\u00f3n atmmosf\u00e9rica en sus vecindarios.\" \/>\n<meta name=\"robots\" content=\"index, follow, max-snippet:-1, max-image-preview:large, max-video-preview:-1\" \/>\n<link rel=\"canonical\" href=\"https:\/\/cleanairenc.org\/es\/how-we-do-it\/ciencia-comunitaria\/\" \/>\n<meta property=\"og:locale\" content=\"es_ES\" \/>\n<meta property=\"og:type\" content=\"article\" \/>\n<meta property=\"og:title\" content=\"Ciencia Comunitaria - CleanAIRE NC\" \/>\n<meta property=\"og:description\" content=\"Nuestro programa cient\u00edfico comunitario involucra a voluntarios de Carolina del Norte en la lucha por el aire limpio midiendo la contaminaci\u00f3n atmmosf\u00e9rica en sus vecindarios.\" \/>\n<meta property=\"og:url\" content=\"https:\/\/cleanairenc.org\/es\/how-we-do-it\/ciencia-comunitaria\/\" \/>\n<meta property=\"og:site_name\" content=\"CleanAIRE NC\" \/>\n<meta property=\"article:publisher\" content=\"https:\/\/www.facebook.com\/cleanairenc\" \/>\n<meta property=\"article:modified_time\" content=\"2025-09-17T14:02:04+00:00\" \/>\n<meta property=\"og:image\" content=\"https:\/\/cleanairenc.org\/wp-content\/uploads\/2022\/05\/Realtime-air-sensor-map.png\" \/>\n\t<meta property=\"og:image:width\" content=\"902\" \/>\n\t<meta property=\"og:image:height\" content=\"596\" \/>\n\t<meta property=\"og:image:type\" content=\"image\/png\" \/>\n<meta name=\"twitter:card\" content=\"summary_large_image\" \/>\n<meta name=\"twitter:site\" content=\"@cleanAIREnc\" \/>\n<meta name=\"twitter:label1\" content=\"Tiempo de lectura\" \/>\n\t<meta name=\"twitter:data1\" content=\"7 minutos\" \/>\n<script type=\"application\/ld+json\" class=\"yoast-schema-graph\">{\"@context\":\"https:\\\/\\\/schema.org\",\"@graph\":[{\"@type\":\"WebPage\",\"@id\":\"https:\\\/\\\/cleanairenc.org\\\/es\\\/how-we-do-it\\\/ciencia-comunitaria\\\/\",\"url\":\"https:\\\/\\\/cleanairenc.org\\\/es\\\/how-we-do-it\\\/ciencia-comunitaria\\\/\",\"name\":\"Ciencia Comunitaria - CleanAIRE NC\",\"isPartOf\":{\"@id\":\"https:\\\/\\\/cleanairenc.org\\\/es\\\/#website\"},\"primaryImageOfPage\":{\"@id\":\"https:\\\/\\\/cleanairenc.org\\\/es\\\/how-we-do-it\\\/ciencia-comunitaria\\\/#primaryimage\"},\"image\":{\"@id\":\"https:\\\/\\\/cleanairenc.org\\\/es\\\/how-we-do-it\\\/ciencia-comunitaria\\\/#primaryimage\"},\"thumbnailUrl\":\"https:\\\/\\\/cleanairenc.org\\\/wp-content\\\/uploads\\\/2022\\\/05\\\/Realtime-air-sensor-map.png\",\"datePublished\":\"2021-04-01T19:52:41+00:00\",\"dateModified\":\"2025-09-17T14:02:04+00:00\",\"description\":\"Nuestro programa cient\u00edfico comunitario involucra a voluntarios de Carolina del Norte en la lucha por el aire limpio midiendo la contaminaci\u00f3n atmmosf\u00e9rica en sus vecindarios.\",\"breadcrumb\":{\"@id\":\"https:\\\/\\\/cleanairenc.org\\\/es\\\/how-we-do-it\\\/ciencia-comunitaria\\\/#breadcrumb\"},\"inLanguage\":\"es\",\"potentialAction\":[{\"@type\":\"ReadAction\",\"target\":[\"https:\\\/\\\/cleanairenc.org\\\/es\\\/how-we-do-it\\\/ciencia-comunitaria\\\/\"]}]},{\"@type\":\"ImageObject\",\"inLanguage\":\"es\",\"@id\":\"https:\\\/\\\/cleanairenc.org\\\/es\\\/how-we-do-it\\\/ciencia-comunitaria\\\/#primaryimage\",\"url\":\"https:\\\/\\\/cleanairenc.org\\\/wp-content\\\/uploads\\\/2022\\\/05\\\/Realtime-air-sensor-map.png\",\"contentUrl\":\"https:\\\/\\\/cleanairenc.org\\\/wp-content\\\/uploads\\\/2022\\\/05\\\/Realtime-air-sensor-map.png\",\"width\":902,\"height\":596},{\"@type\":\"BreadcrumbList\",\"@id\":\"https:\\\/\\\/cleanairenc.org\\\/es\\\/how-we-do-it\\\/ciencia-comunitaria\\\/#breadcrumb\",\"itemListElement\":[{\"@type\":\"ListItem\",\"position\":1,\"name\":\"Home\",\"item\":\"https:\\\/\\\/cleanairenc.org\\\/es\\\/\"},{\"@type\":\"ListItem\",\"position\":2,\"name\":\"Como lo hacemos\",\"item\":\"https:\\\/\\\/cleanairenc.org\\\/es\\\/how-we-do-it\\\/\"},{\"@type\":\"ListItem\",\"position\":3,\"name\":\"Ciencia Comunitaria\"}]},{\"@type\":\"WebSite\",\"@id\":\"https:\\\/\\\/cleanairenc.org\\\/es\\\/#website\",\"url\":\"https:\\\/\\\/cleanairenc.org\\\/es\\\/\",\"name\":\"CleanAIRE NC\",\"description\":\"Protecting what connects us.\",\"publisher\":{\"@id\":\"https:\\\/\\\/cleanairenc.org\\\/es\\\/#organization\"},\"potentialAction\":[{\"@type\":\"SearchAction\",\"target\":{\"@type\":\"EntryPoint\",\"urlTemplate\":\"https:\\\/\\\/cleanairenc.org\\\/es\\\/?s={search_term_string}\"},\"query-input\":{\"@type\":\"PropertyValueSpecification\",\"valueRequired\":true,\"valueName\":\"search_term_string\"}}],\"inLanguage\":\"es\"},{\"@type\":\"Organization\",\"@id\":\"https:\\\/\\\/cleanairenc.org\\\/es\\\/#organization\",\"name\":\"CleanAIRE NC\",\"url\":\"https:\\\/\\\/cleanairenc.org\\\/es\\\/\",\"logo\":{\"@type\":\"ImageObject\",\"inLanguage\":\"es\",\"@id\":\"https:\\\/\\\/cleanairenc.org\\\/es\\\/#\\\/schema\\\/logo\\\/image\\\/\",\"url\":\"http:\\\/\\\/cleanairenc.org\\\/wp-content\\\/uploads\\\/2021\\\/07\\\/CleanAIRE_Logo_Mark-Navy.png\",\"contentUrl\":\"http:\\\/\\\/cleanairenc.org\\\/wp-content\\\/uploads\\\/2021\\\/07\\\/CleanAIRE_Logo_Mark-Navy.png\",\"width\":2057,\"height\":2551,\"caption\":\"CleanAIRE NC\"},\"image\":{\"@id\":\"https:\\\/\\\/cleanairenc.org\\\/es\\\/#\\\/schema\\\/logo\\\/image\\\/\"},\"sameAs\":[\"https:\\\/\\\/www.facebook.com\\\/cleanairenc\",\"https:\\\/\\\/x.com\\\/cleanAIREnc\"]}]}<\/script>\n<!-- \/ Yoast SEO plugin. -->","yoast_head_json":{"title":"Ciencia Comunitaria - CleanAIRE NC","description":"Nuestro programa cient\u00edfico comunitario involucra a voluntarios de Carolina del Norte en la lucha por el aire limpio midiendo la contaminaci\u00f3n atmmosf\u00e9rica en sus vecindarios.","robots":{"index":"index","follow":"follow","max-snippet":"max-snippet:-1","max-image-preview":"max-image-preview:large","max-video-preview":"max-video-preview:-1"},"canonical":"https:\/\/cleanairenc.org\/es\/how-we-do-it\/ciencia-comunitaria\/","og_locale":"es_ES","og_type":"article","og_title":"Ciencia Comunitaria - CleanAIRE NC","og_description":"Nuestro programa cient\u00edfico comunitario involucra a voluntarios de Carolina del Norte en la lucha por el aire limpio midiendo la contaminaci\u00f3n atmmosf\u00e9rica en sus vecindarios.","og_url":"https:\/\/cleanairenc.org\/es\/how-we-do-it\/ciencia-comunitaria\/","og_site_name":"CleanAIRE NC","article_publisher":"https:\/\/www.facebook.com\/cleanairenc","article_modified_time":"2025-09-17T14:02:04+00:00","og_image":[{"width":902,"height":596,"url":"https:\/\/cleanairenc.org\/wp-content\/uploads\/2022\/05\/Realtime-air-sensor-map.png","type":"image\/png"}],"twitter_card":"summary_large_image","twitter_site":"@cleanAIREnc","twitter_misc":{"Tiempo de lectura":"7 minutos"},"schema":{"@context":"https:\/\/schema.org","@graph":[{"@type":"WebPage","@id":"https:\/\/cleanairenc.org\/es\/how-we-do-it\/ciencia-comunitaria\/","url":"https:\/\/cleanairenc.org\/es\/how-we-do-it\/ciencia-comunitaria\/","name":"Ciencia Comunitaria - CleanAIRE NC","isPartOf":{"@id":"https:\/\/cleanairenc.org\/es\/#website"},"primaryImageOfPage":{"@id":"https:\/\/cleanairenc.org\/es\/how-we-do-it\/ciencia-comunitaria\/#primaryimage"},"image":{"@id":"https:\/\/cleanairenc.org\/es\/how-we-do-it\/ciencia-comunitaria\/#primaryimage"},"thumbnailUrl":"https:\/\/cleanairenc.org\/wp-content\/uploads\/2022\/05\/Realtime-air-sensor-map.png","datePublished":"2021-04-01T19:52:41+00:00","dateModified":"2025-09-17T14:02:04+00:00","description":"Nuestro programa cient\u00edfico comunitario involucra a voluntarios de Carolina del Norte en la lucha por el aire limpio midiendo la contaminaci\u00f3n atmmosf\u00e9rica en sus vecindarios.","breadcrumb":{"@id":"https:\/\/cleanairenc.org\/es\/how-we-do-it\/ciencia-comunitaria\/#breadcrumb"},"inLanguage":"es","potentialAction":[{"@type":"ReadAction","target":["https:\/\/cleanairenc.org\/es\/how-we-do-it\/ciencia-comunitaria\/"]}]},{"@type":"ImageObject","inLanguage":"es","@id":"https:\/\/cleanairenc.org\/es\/how-we-do-it\/ciencia-comunitaria\/#primaryimage","url":"https:\/\/cleanairenc.org\/wp-content\/uploads\/2022\/05\/Realtime-air-sensor-map.png","contentUrl":"https:\/\/cleanairenc.org\/wp-content\/uploads\/2022\/05\/Realtime-air-sensor-map.png","width":902,"height":596},{"@type":"BreadcrumbList","@id":"https:\/\/cleanairenc.org\/es\/how-we-do-it\/ciencia-comunitaria\/#breadcrumb","itemListElement":[{"@type":"ListItem","position":1,"name":"Home","item":"https:\/\/cleanairenc.org\/es\/"},{"@type":"ListItem","position":2,"name":"Como lo hacemos","item":"https:\/\/cleanairenc.org\/es\/how-we-do-it\/"},{"@type":"ListItem","position":3,"name":"Ciencia Comunitaria"}]},{"@type":"WebSite","@id":"https:\/\/cleanairenc.org\/es\/#website","url":"https:\/\/cleanairenc.org\/es\/","name":"CleanAIRE NC","description":"Protecting what connects us.","publisher":{"@id":"https:\/\/cleanairenc.org\/es\/#organization"},"potentialAction":[{"@type":"SearchAction","target":{"@type":"EntryPoint","urlTemplate":"https:\/\/cleanairenc.org\/es\/?s={search_term_string}"},"query-input":{"@type":"PropertyValueSpecification","valueRequired":true,"valueName":"search_term_string"}}],"inLanguage":"es"},{"@type":"Organization","@id":"https:\/\/cleanairenc.org\/es\/#organization","name":"CleanAIRE NC","url":"https:\/\/cleanairenc.org\/es\/","logo":{"@type":"ImageObject","inLanguage":"es","@id":"https:\/\/cleanairenc.org\/es\/#\/schema\/logo\/image\/","url":"http:\/\/cleanairenc.org\/wp-content\/uploads\/2021\/07\/CleanAIRE_Logo_Mark-Navy.png","contentUrl":"http:\/\/cleanairenc.org\/wp-content\/uploads\/2021\/07\/CleanAIRE_Logo_Mark-Navy.png","width":2057,"height":2551,"caption":"CleanAIRE NC"},"image":{"@id":"https:\/\/cleanairenc.org\/es\/#\/schema\/logo\/image\/"},"sameAs":["https:\/\/www.facebook.com\/cleanairenc","https:\/\/x.com\/cleanAIREnc"]}]}},"_links":{"self":[{"href":"https:\/\/cleanairenc.org\/es\/wp-json\/wp\/v2\/pages\/37249","targetHints":{"allow":["GET"]}}],"collection":[{"href":"https:\/\/cleanairenc.org\/es\/wp-json\/wp\/v2\/pages"}],"about":[{"href":"https:\/\/cleanairenc.org\/es\/wp-json\/wp\/v2\/types\/page"}],"author":[{"embeddable":true,"href":"https:\/\/cleanairenc.org\/es\/wp-json\/wp\/v2\/users\/4"}],"replies":[{"embeddable":true,"href":"https:\/\/cleanairenc.org\/es\/wp-json\/wp\/v2\/comments?post=37249"}],"version-history":[{"count":3,"href":"https:\/\/cleanairenc.org\/es\/wp-json\/wp\/v2\/pages\/37249\/revisions"}],"predecessor-version":[{"id":39426,"href":"https:\/\/cleanairenc.org\/es\/wp-json\/wp\/v2\/pages\/37249\/revisions\/39426"}],"up":[{"embeddable":true,"href":"https:\/\/cleanairenc.org\/es\/wp-json\/wp\/v2\/pages\/37259"}],"wp:featuredmedia":[{"embeddable":true,"href":"https:\/\/cleanairenc.org\/es\/wp-json\/wp\/v2\/media\/36179"}],"wp:attachment":[{"href":"https:\/\/cleanairenc.org\/es\/wp-json\/wp\/v2\/media?parent=37249"}],"curies":[{"name":"wp","href":"https:\/\/api.w.org\/{rel}","templated":true}]}}