{"id":37258,"date":"2021-04-02T15:40:47","date_gmt":"2021-04-02T19:40:47","guid":{"rendered":"http:\/\/cleanairenc.org\/quienes-somos\/apoya-nuestro-trabajo\/"},"modified":"2025-09-17T09:33:08","modified_gmt":"2025-09-17T13:33:08","slug":"apoya-nuestro-trabajo","status":"publish","type":"page","link":"https:\/\/cleanairenc.org\/es\/quienes-somos\/apoya-nuestro-trabajo\/","title":{"rendered":"Apoya Nuestro Trabajo"},"content":{"rendered":"","protected":false},"excerpt":{"rendered":"","protected":false},"author":4,"featured_media":0,"parent":37230,"menu_order":0,"comment_status":"closed","ping_status":"closed","template":"","meta":{"_monsterinsights_skip_tracking":false,"_monsterinsights_sitenote_active":false,"_monsterinsights_sitenote_note":"","_monsterinsights_sitenote_category":0,"_uf_show_specific_survey":0,"_uf_disable_surveys":false,"footnotes":"","_links_to":"","_links_to_target":""},"class_list":["post-37258","page","type-page","status-publish","hentry"],"yoast_head":"<!-- This site is optimized with the Yoast SEO plugin v27.4 - https:\/\/yoast.com\/product\/yoast-seo-wordpress\/ -->\n<title>Apoya Nuestro Trabajo - CleanAIRE NC<\/title>\n<meta name=\"description\" content=\"Apoya nuestro trabajo con una contribuci\u00f3n monetaria y ay\u00fadanos a construir comunidades sustentables y m\u00e1s saludables en todo Carolina del Norte.\" \/>\n<meta name=\"robots\" content=\"index, follow, max-snippet:-1, max-image-preview:large, max-video-preview:-1\" \/>\n<link rel=\"canonical\" href=\"https:\/\/cleanairenc.org\/es\/quienes-somos\/apoya-nuestro-trabajo\/\" \/>\n<meta property=\"og:locale\" content=\"es_ES\" \/>\n<meta property=\"og:type\" content=\"article\" \/>\n<meta property=\"og:title\" content=\"Apoya Nuestro Trabajo - CleanAIRE NC\" \/>\n<meta property=\"og:description\" content=\"Apoya nuestro trabajo con una contribuci\u00f3n monetaria y ay\u00fadanos a construir comunidades sustentables y m\u00e1s saludables en todo Carolina del Norte.\" \/>\n<meta property=\"og:url\" content=\"https:\/\/cleanairenc.org\/es\/quienes-somos\/apoya-nuestro-trabajo\/\" \/>\n<meta property=\"og:site_name\" content=\"CleanAIRE NC\" \/>\n<meta property=\"article:publisher\" content=\"https:\/\/www.facebook.com\/cleanairenc\" \/>\n<meta property=\"article:modified_time\" content=\"2025-09-17T13:33:08+00:00\" \/>\n<meta name=\"twitter:card\" content=\"summary_large_image\" \/>\n<meta name=\"twitter:site\" content=\"@cleanAIREnc\" \/>\n<meta name=\"twitter:label1\" content=\"Tiempo de lectura\" \/>\n\t<meta name=\"twitter:data1\" content=\"3 minutos\" \/>\n<script type=\"application\/ld+json\" class=\"yoast-schema-graph\">{\"@context\":\"https:\\\/\\\/schema.org\",\"@graph\":[{\"@type\":\"WebPage\",\"@id\":\"https:\\\/\\\/cleanairenc.org\\\/es\\\/quienes-somos\\\/apoya-nuestro-trabajo\\\/\",\"url\":\"https:\\\/\\\/cleanairenc.org\\\/es\\\/quienes-somos\\\/apoya-nuestro-trabajo\\\/\",\"name\":\"Apoya Nuestro Trabajo - CleanAIRE NC\",\"isPartOf\":{\"@id\":\"https:\\\/\\\/cleanairenc.org\\\/es\\\/#website\"},\"datePublished\":\"2021-04-02T19:40:47+00:00\",\"dateModified\":\"2025-09-17T13:33:08+00:00\",\"description\":\"Apoya nuestro trabajo con una contribuci\u00f3n monetaria y ay\u00fadanos a construir comunidades sustentables y m\u00e1s saludables en todo Carolina del Norte.\",\"breadcrumb\":{\"@id\":\"https:\\\/\\\/cleanairenc.org\\\/es\\\/quienes-somos\\\/apoya-nuestro-trabajo\\\/#breadcrumb\"},\"inLanguage\":\"es\",\"potentialAction\":[{\"@type\":\"ReadAction\",\"target\":[\"https:\\\/\\\/cleanairenc.org\\\/es\\\/quienes-somos\\\/apoya-nuestro-trabajo\\\/\"]}]},{\"@type\":\"BreadcrumbList\",\"@id\":\"https:\\\/\\\/cleanairenc.org\\\/es\\\/quienes-somos\\\/apoya-nuestro-trabajo\\\/#breadcrumb\",\"itemListElement\":[{\"@type\":\"ListItem\",\"position\":1,\"name\":\"Home\",\"item\":\"https:\\\/\\\/cleanairenc.org\\\/es\\\/\"},{\"@type\":\"ListItem\",\"position\":2,\"name\":\"Qui\u00e9nes somos\",\"item\":\"https:\\\/\\\/cleanairenc.org\\\/es\\\/quienes-somos\\\/\"},{\"@type\":\"ListItem\",\"position\":3,\"name\":\"Apoya Nuestro Trabajo\"}]},{\"@type\":\"WebSite\",\"@id\":\"https:\\\/\\\/cleanairenc.org\\\/es\\\/#website\",\"url\":\"https:\\\/\\\/cleanairenc.org\\\/es\\\/\",\"name\":\"CleanAIRE NC\",\"description\":\"Protecting what connects us.\",\"publisher\":{\"@id\":\"https:\\\/\\\/cleanairenc.org\\\/es\\\/#organization\"},\"potentialAction\":[{\"@type\":\"SearchAction\",\"target\":{\"@type\":\"EntryPoint\",\"urlTemplate\":\"https:\\\/\\\/cleanairenc.org\\\/es\\\/?s={search_term_string}\"},\"query-input\":{\"@type\":\"PropertyValueSpecification\",\"valueRequired\":true,\"valueName\":\"search_term_string\"}}],\"inLanguage\":\"es\"},{\"@type\":\"Organization\",\"@id\":\"https:\\\/\\\/cleanairenc.org\\\/es\\\/#organization\",\"name\":\"CleanAIRE NC\",\"url\":\"https:\\\/\\\/cleanairenc.org\\\/es\\\/\",\"logo\":{\"@type\":\"ImageObject\",\"inLanguage\":\"es\",\"@id\":\"https:\\\/\\\/cleanairenc.org\\\/es\\\/#\\\/schema\\\/logo\\\/image\\\/\",\"url\":\"http:\\\/\\\/cleanairenc.org\\\/wp-content\\\/uploads\\\/2021\\\/07\\\/CleanAIRE_Logo_Mark-Navy.png\",\"contentUrl\":\"http:\\\/\\\/cleanairenc.org\\\/wp-content\\\/uploads\\\/2021\\\/07\\\/CleanAIRE_Logo_Mark-Navy.png\",\"width\":2057,\"height\":2551,\"caption\":\"CleanAIRE NC\"},\"image\":{\"@id\":\"https:\\\/\\\/cleanairenc.org\\\/es\\\/#\\\/schema\\\/logo\\\/image\\\/\"},\"sameAs\":[\"https:\\\/\\\/www.facebook.com\\\/cleanairenc\",\"https:\\\/\\\/x.com\\\/cleanAIREnc\"]}]}<\/script>\n<!-- \/ Yoast SEO plugin. -->","yoast_head_json":{"title":"Apoya Nuestro Trabajo - CleanAIRE NC","description":"Apoya nuestro trabajo con una contribuci\u00f3n monetaria y ay\u00fadanos a construir comunidades sustentables y m\u00e1s saludables en todo Carolina del Norte.","robots":{"index":"index","follow":"follow","max-snippet":"max-snippet:-1","max-image-preview":"max-image-preview:large","max-video-preview":"max-video-preview:-1"},"canonical":"https:\/\/cleanairenc.org\/es\/quienes-somos\/apoya-nuestro-trabajo\/","og_locale":"es_ES","og_type":"article","og_title":"Apoya Nuestro Trabajo - CleanAIRE NC","og_description":"Apoya nuestro trabajo con una contribuci\u00f3n monetaria y ay\u00fadanos a construir comunidades sustentables y m\u00e1s saludables en todo Carolina del Norte.","og_url":"https:\/\/cleanairenc.org\/es\/quienes-somos\/apoya-nuestro-trabajo\/","og_site_name":"CleanAIRE NC","article_publisher":"https:\/\/www.facebook.com\/cleanairenc","article_modified_time":"2025-09-17T13:33:08+00:00","twitter_card":"summary_large_image","twitter_site":"@cleanAIREnc","twitter_misc":{"Tiempo de lectura":"3 minutos"},"schema":{"@context":"https:\/\/schema.org","@graph":[{"@type":"WebPage","@id":"https:\/\/cleanairenc.org\/es\/quienes-somos\/apoya-nuestro-trabajo\/","url":"https:\/\/cleanairenc.org\/es\/quienes-somos\/apoya-nuestro-trabajo\/","name":"Apoya Nuestro Trabajo - CleanAIRE NC","isPartOf":{"@id":"https:\/\/cleanairenc.org\/es\/#website"},"datePublished":"2021-04-02T19:40:47+00:00","dateModified":"2025-09-17T13:33:08+00:00","description":"Apoya nuestro trabajo con una contribuci\u00f3n monetaria y ay\u00fadanos a construir comunidades sustentables y m\u00e1s saludables en todo Carolina del Norte.","breadcrumb":{"@id":"https:\/\/cleanairenc.org\/es\/quienes-somos\/apoya-nuestro-trabajo\/#breadcrumb"},"inLanguage":"es","potentialAction":[{"@type":"ReadAction","target":["https:\/\/cleanairenc.org\/es\/quienes-somos\/apoya-nuestro-trabajo\/"]}]},{"@type":"BreadcrumbList","@id":"https:\/\/cleanairenc.org\/es\/quienes-somos\/apoya-nuestro-trabajo\/#breadcrumb","itemListElement":[{"@type":"ListItem","position":1,"name":"Home","item":"https:\/\/cleanairenc.org\/es\/"},{"@type":"ListItem","position":2,"name":"Qui\u00e9nes somos","item":"https:\/\/cleanairenc.org\/es\/quienes-somos\/"},{"@type":"ListItem","position":3,"name":"Apoya Nuestro Trabajo"}]},{"@type":"WebSite","@id":"https:\/\/cleanairenc.org\/es\/#website","url":"https:\/\/cleanairenc.org\/es\/","name":"CleanAIRE NC","description":"Protecting what connects us.","publisher":{"@id":"https:\/\/cleanairenc.org\/es\/#organization"},"potentialAction":[{"@type":"SearchAction","target":{"@type":"EntryPoint","urlTemplate":"https:\/\/cleanairenc.org\/es\/?s={search_term_string}"},"query-input":{"@type":"PropertyValueSpecification","valueRequired":true,"valueName":"search_term_string"}}],"inLanguage":"es"},{"@type":"Organization","@id":"https:\/\/cleanairenc.org\/es\/#organization","name":"CleanAIRE NC","url":"https:\/\/cleanairenc.org\/es\/","logo":{"@type":"ImageObject","inLanguage":"es","@id":"https:\/\/cleanairenc.org\/es\/#\/schema\/logo\/image\/","url":"http:\/\/cleanairenc.org\/wp-content\/uploads\/2021\/07\/CleanAIRE_Logo_Mark-Navy.png","contentUrl":"http:\/\/cleanairenc.org\/wp-content\/uploads\/2021\/07\/CleanAIRE_Logo_Mark-Navy.png","width":2057,"height":2551,"caption":"CleanAIRE NC"},"image":{"@id":"https:\/\/cleanairenc.org\/es\/#\/schema\/logo\/image\/"},"sameAs":["https:\/\/www.facebook.com\/cleanairenc","https:\/\/x.com\/cleanAIREnc"]}]}},"_links":{"self":[{"href":"https:\/\/cleanairenc.org\/es\/wp-json\/wp\/v2\/pages\/37258","targetHints":{"allow":["GET"]}}],"collection":[{"href":"https:\/\/cleanairenc.org\/es\/wp-json\/wp\/v2\/pages"}],"about":[{"href":"https:\/\/cleanairenc.org\/es\/wp-json\/wp\/v2\/types\/page"}],"author":[{"embeddable":true,"href":"https:\/\/cleanairenc.org\/es\/wp-json\/wp\/v2\/users\/4"}],"replies":[{"embeddable":true,"href":"https:\/\/cleanairenc.org\/es\/wp-json\/wp\/v2\/comments?post=37258"}],"version-history":[{"count":2,"href":"https:\/\/cleanairenc.org\/es\/wp-json\/wp\/v2\/pages\/37258\/revisions"}],"predecessor-version":[{"id":39423,"href":"https:\/\/cleanairenc.org\/es\/wp-json\/wp\/v2\/pages\/37258\/revisions\/39423"}],"up":[{"embeddable":true,"href":"https:\/\/cleanairenc.org\/es\/wp-json\/wp\/v2\/pages\/37230"}],"wp:attachment":[{"href":"https:\/\/cleanairenc.org\/es\/wp-json\/wp\/v2\/media?parent=37258"}],"curies":[{"name":"wp","href":"https:\/\/api.w.org\/{rel}","templated":true}]}}